{"id":1026,"date":"2019-03-18T08:33:54","date_gmt":"2019-03-18T07:33:54","guid":{"rendered":"http:\/\/localhost\/consultax\/?page_id=1026"},"modified":"2024-11-26T10:34:21","modified_gmt":"2024-11-26T09:34:21","slug":"a-propos","status":"publish","type":"page","link":"https:\/\/job-belgique.org\/index.php\/a-propos\/","title":{"rendered":"A propos"},"content":{"rendered":"<p>[vc_row el_class=&#8221;section-padd&#8221;][vc_column]\n    <div class=\"section-head \">\n                    <h6><span>A PROPOS DE NOUS<\/span><\/h6>\n                <h2 class=\"section-title\">Qui sommes-nous ?<\/h2>\n            <\/div>\n\n[vc_column_text css=&#8221;.vc_custom_1731371598982{margin-bottom: 30px !important;}&#8221;]<\/p>\n<h3>Notre Histoire<\/h3>\n<p><strong>Bienvenue chez Job Belgique, votre partenaire pour une carri\u00e8re r\u00e9ussie !<\/strong><br \/>\nNous sommes un cabinet sp\u00e9cialis\u00e9 dans la recherche d&#8217;emploi et le placement professionnel en Belgique. Notre mission est d&#8217;accompagner les candidats tout au long de leur parcours professionnel, en identifiant des opportunit\u00e9s qui leur permettent d&#8217;exprimer pleinement leur potentiel. Que vous soyez un jeune dipl\u00f4m\u00e9 ou un professionnel exp\u00e9riment\u00e9, nous vous aidons \u00e0 trouver un emploi \u00e0 la hauteur de vos ambitions.[\/vc_column_text]\n    <div class=\"ot-socials \">\n        <span>Suivez-nous :<\/span>\n                <a target=_blank href=\"#\"><i class=\"fab fa-facebook\"><\/i><\/a>\n            <\/div>\n\n[\/vc_column][\/vc_row][vc_row full_width=&#8221;stretch_row_content_no_spaces&#8221; css=&#8221;.vc_custom_1552904105275{padding-top: 0px !important;padding-right: 0px !important;padding-bottom: 0px !important;padding-left: 0px !important;}&#8221;][vc_column]\n    <div class=\"image-carousel \" data-show=\"1\" data-arrow=\"true\">\n                <div>\n            <div class=\"img-item\">\n                <img fetchpriority=\"high\" decoding=\"async\" width=\"1920\" height=\"1280\" src=\"https:\/\/job-belgique.org\/wp-content\/uploads\/2024\/11\/job-blgique-carrousel-1.jpg\" class=\"attachment-full size-full\" alt=\"\" srcset=\"https:\/\/job-belgique.org\/wp-content\/uploads\/2024\/11\/job-blgique-carrousel-1.jpg 1920w, https:\/\/job-belgique.org\/wp-content\/uploads\/2024\/11\/job-blgique-carrousel-1-300x200.jpg 300w, https:\/\/job-belgique.org\/wp-content\/uploads\/2024\/11\/job-blgique-carrousel-1-1024x683.jpg 1024w, https:\/\/job-belgique.org\/wp-content\/uploads\/2024\/11\/job-blgique-carrousel-1-768x512.jpg 768w, https:\/\/job-belgique.org\/wp-content\/uploads\/2024\/11\/job-blgique-carrousel-1-1536x1024.jpg 1536w\" sizes=\"(max-width: 1920px) 100vw, 1920px\" \/>            <\/div>\n        <\/div>\n                <div>\n            <div class=\"img-item\">\n                <img decoding=\"async\" width=\"1920\" height=\"1280\" src=\"https:\/\/job-belgique.org\/wp-content\/uploads\/2024\/11\/job-blgique-carrousel-2.jpg\" class=\"attachment-full size-full\" alt=\"\" srcset=\"https:\/\/job-belgique.org\/wp-content\/uploads\/2024\/11\/job-blgique-carrousel-2.jpg 1920w, https:\/\/job-belgique.org\/wp-content\/uploads\/2024\/11\/job-blgique-carrousel-2-300x200.jpg 300w, https:\/\/job-belgique.org\/wp-content\/uploads\/2024\/11\/job-blgique-carrousel-2-1024x683.jpg 1024w, https:\/\/job-belgique.org\/wp-content\/uploads\/2024\/11\/job-blgique-carrousel-2-768x512.jpg 768w, https:\/\/job-belgique.org\/wp-content\/uploads\/2024\/11\/job-blgique-carrousel-2-1536x1024.jpg 1536w\" sizes=\"(max-width: 1920px) 100vw, 1920px\" \/>            <\/div>\n        <\/div>\n                <div>\n            <div class=\"img-item\">\n                <img decoding=\"async\" width=\"1920\" height=\"1280\" src=\"https:\/\/job-belgique.org\/wp-content\/uploads\/2024\/11\/job-blgique-carrousel-3.jpg\" class=\"attachment-full size-full\" alt=\"\" srcset=\"https:\/\/job-belgique.org\/wp-content\/uploads\/2024\/11\/job-blgique-carrousel-3.jpg 1920w, https:\/\/job-belgique.org\/wp-content\/uploads\/2024\/11\/job-blgique-carrousel-3-300x200.jpg 300w, https:\/\/job-belgique.org\/wp-content\/uploads\/2024\/11\/job-blgique-carrousel-3-1024x683.jpg 1024w, https:\/\/job-belgique.org\/wp-content\/uploads\/2024\/11\/job-blgique-carrousel-3-768x512.jpg 768w, https:\/\/job-belgique.org\/wp-content\/uploads\/2024\/11\/job-blgique-carrousel-3-1536x1024.jpg 1536w\" sizes=\"(max-width: 1920px) 100vw, 1920px\" \/>            <\/div>\n        <\/div>\n            <\/div>\n\n    [\/vc_column][\/vc_row][vc_row equal_height=&#8221;yes&#8221; el_class=&#8221;section-padd&#8221;][vc_column]\n    <div class=\"section-head \">\n                    <h6><span>Que faisons nous ?<\/span><\/h6>\n                <h2 class=\"section-title\">Notre mission<\/h2>\n            <\/div>\n\n[vc_column_text]<strong>Accompagner, connecter et valoriser<\/strong><br \/>\nChez Job Belgique, notre mission est d\u2019apporter un accompagnement sur mesure \u00e0 chaque candidat. Nous prenons le temps de comprendre vos comp\u00e9tences, vos aspirations et vos valeurs pour vous mettre en relation avec des entreprises qui partagent votre vision. Nous croyons fermement que chaque individu m\u00e9rite de trouver un poste qui valorise ses talents et contribue \u00e0 son \u00e9panouissement personnel et professionnel.<\/p>\n<p><a class=\"pagelink\" href=\"#\">Nos services<\/a>[\/vc_column_text][\/vc_column][vc_column][vc_row_inner equal_height=&#8221;yes&#8221; css=&#8221;.vc_custom_1554193348067{padding-bottom: 50px !important;}&#8221;][vc_column_inner el_class=&#8221;radius-left&#8221; css=&#8221;.vc_custom_1731372199476{padding-top: 189px !important;padding-bottom: 170px !important;background-image: url(https:\/\/job-belgique.org\/wp-content\/uploads\/2024\/11\/job-belgique-photo-valeurs.jpg?id=2448) !important;background-position: center !important;background-repeat: no-repeat !important;background-size: cover !important;}&#8221; offset=&#8221;vc_col-md-6&#8243;][\/vc_column_inner][vc_column_inner el_class=&#8221;bg-second radius-right&#8221; offset=&#8221;vc_col-md-6&#8243;]\n    <div class=\"section-head  text-light\">\n                <h2 class=\"section-title\">Nos valeurs<\/h2>\n            <\/div>\n\n[vc_column_text el_class=&#8221;text-light padding-box&#8221; css=&#8221;.vc_custom_1731371488421{margin-bottom: 20px !important;padding-bottom: 0px !important;}&#8221;]<strong>1. Engagement<\/strong><br \/>\nNous nous engageons \u00e0 fournir un service de qualit\u00e9 et \u00e0 suivre chaque candidat avec attention. Nous consid\u00e9rons votre succ\u00e8s comme le n\u00f4tre et mettons tout en \u0153uvre pour faciliter votre int\u00e9gration professionnelle.<\/p>\n<p><strong>2. Transparence<\/strong><br \/>\nLa transparence est au c\u0153ur de notre approche. Nous nous assurons que chaque \u00e9tape de votre processus de placement est claire et que vous \u00eates inform\u00e9 des \u00e9volutions de votre dossier.<\/p>\n<p><strong>3. Excellence<\/strong><br \/>\nNous visons l\u2019excellence dans notre travail, en collaborant avec des entreprises de premier plan en Belgique et en s\u00e9lectionnant des opportunit\u00e9s de qualit\u00e9 pour nos candidats.<\/p>\n<p><strong>4. Respect et \u00e9thique<\/strong><br \/>\nNous agissons avec int\u00e9grit\u00e9 et respect dans toutes nos interactions, valorisant la diversit\u00e9 et reconnaissant la valeur de chaque profil unique.<\/p>\n<p><strong>5. R\u00e9activit\u00e9<\/strong><br \/>\nLe monde du travail \u00e9volue rapidement, et nous nous adaptons pour r\u00e9pondre aux besoins de nos candidats et partenaires dans les meilleurs d\u00e9lais.[\/vc_column_text][\/vc_column_inner][\/vc_row_inner][\/vc_column][vc_column]\n    <div class=\"section-head has-line\">\n                    <h6><span>Nos partenaires<\/span><\/h6>\n            <\/div>\n\n[vc_empty_space height=&#8221;30px&#8221;]\n    <div class=\"partner-slider image-carousel \" data-show=\"5\" data-arrow=\"false\">\n                <div>\n            <div class=\"partner-item text-center clearfix\">\n                <div class=\"inner\">\n                    <a target=\"_blank\" href=\"\">                        <div class=\"thumb\">\n                            <img loading=\"lazy\" decoding=\"async\" width=\"107\" height=\"30\" src=\"https:\/\/job-belgique.org\/wp-content\/uploads\/2019\/03\/logo1.png\" class=\"attachment-full size-full\" alt=\"logo1\" \/>                        <\/div>\n                    <\/a>                <\/div>\n            <\/div>\n        <\/div>\n                <div>\n            <div class=\"partner-item text-center clearfix\">\n                <div class=\"inner\">\n                    <a target=\"_blank\" href=\"\">                        <div class=\"thumb\">\n                            <img loading=\"lazy\" decoding=\"async\" width=\"156\" height=\"29\" src=\"https:\/\/job-belgique.org\/wp-content\/uploads\/2019\/03\/logo2.png\" class=\"attachment-full size-full\" alt=\"logo2\" srcset=\"https:\/\/job-belgique.org\/wp-content\/uploads\/2019\/03\/logo2.png 156w, https:\/\/job-belgique.org\/wp-content\/uploads\/2019\/03\/logo2-150x29.png 150w\" sizes=\"(max-width: 156px) 100vw, 156px\" \/>                        <\/div>\n                    <\/a>                <\/div>\n            <\/div>\n        <\/div>\n                <div>\n            <div class=\"partner-item text-center clearfix\">\n                <div class=\"inner\">\n                    <a target=\"_blank\" href=\"\">                        <div class=\"thumb\">\n                            <img loading=\"lazy\" decoding=\"async\" width=\"160\" height=\"29\" src=\"https:\/\/job-belgique.org\/wp-content\/uploads\/2019\/03\/logo4.png\" class=\"attachment-full size-full\" alt=\"logo4\" \/>                        <\/div>\n                    <\/a>                <\/div>\n            <\/div>\n        <\/div>\n                <div>\n            <div class=\"partner-item text-center clearfix\">\n                <div class=\"inner\">\n                    <a target=\"_blank\" href=\"\">                        <div class=\"thumb\">\n                            <img loading=\"lazy\" decoding=\"async\" width=\"151\" height=\"32\" src=\"https:\/\/job-belgique.org\/wp-content\/uploads\/2019\/03\/logo3.png\" class=\"attachment-full size-full\" alt=\"logo3\" \/>                        <\/div>\n                    <\/a>                <\/div>\n            <\/div>\n        <\/div>\n                <div>\n            <div class=\"partner-item text-center clearfix\">\n                <div class=\"inner\">\n                    <a target=\"_blank\" href=\"\">                        <div class=\"thumb\">\n                            <img loading=\"lazy\" decoding=\"async\" width=\"143\" height=\"31\" src=\"https:\/\/job-belgique.org\/wp-content\/uploads\/2019\/03\/logo5.png\" class=\"attachment-full size-full\" alt=\"logo5\" \/>                        <\/div>\n                    <\/a>                <\/div>\n            <\/div>\n        <\/div>\n                <div>\n            <div class=\"partner-item text-center clearfix\">\n                <div class=\"inner\">\n                    <a target=\"_blank\" href=\"\">                        <div class=\"thumb\">\n                            <img loading=\"lazy\" decoding=\"async\" width=\"107\" height=\"30\" src=\"https:\/\/job-belgique.org\/wp-content\/uploads\/2019\/03\/logo1-1.png\" class=\"attachment-full size-full\" alt=\"logo1\" \/>                        <\/div>\n                    <\/a>                <\/div>\n            <\/div>\n        <\/div>\n                <div>\n            <div class=\"partner-item text-center clearfix\">\n                <div class=\"inner\">\n                    <a target=\"_blank\" href=\"\">                        <div class=\"thumb\">\n                            <img loading=\"lazy\" decoding=\"async\" width=\"156\" height=\"29\" src=\"https:\/\/job-belgique.org\/wp-content\/uploads\/2019\/03\/logo2-1.png\" class=\"attachment-full size-full\" alt=\"logo2\" srcset=\"https:\/\/job-belgique.org\/wp-content\/uploads\/2019\/03\/logo2-1.png 156w, https:\/\/job-belgique.org\/wp-content\/uploads\/2019\/03\/logo2-1-150x29.png 150w\" sizes=\"(max-width: 156px) 100vw, 156px\" \/>                        <\/div>\n                    <\/a>                <\/div>\n            <\/div>\n        <\/div>\n                <div>\n            <div class=\"partner-item text-center clearfix\">\n                <div class=\"inner\">\n                    <a target=\"_blank\" href=\"\">                        <div class=\"thumb\">\n                            <img loading=\"lazy\" decoding=\"async\" width=\"160\" height=\"29\" src=\"https:\/\/job-belgique.org\/wp-content\/uploads\/2019\/03\/logo4-1.png\" class=\"attachment-full size-full\" alt=\"logo4\" \/>                        <\/div>\n                    <\/a>                <\/div>\n            <\/div>\n        <\/div>\n            <\/div>\n\n    [\/vc_column][\/vc_row][vc_row css=&#8221;.vc_custom_1703617488708{padding-top: 80px !important;padding-bottom: 80px !important;background-image: url(https:\/\/job-belgique.org\/wp-content\/uploads\/2023\/12\/COUV-ARTICLES-1920&#215;1080-2022-04-11T171337.121-1024&#215;576-1.jpg?id=2278) !important;background-position: center !important;background-repeat: no-repeat !important;background-size: cover !important;}&#8221; el_class=&#8221;mobile-padd&#8221;][vc_column]\n    <div class=\"section-head  text-light\">\n                    <h6><span>R\u00c9ALISATIONS ET STATISTIQUES<\/span><\/h6>\n                <h2 class=\"section-title\">Nos 15 ans d'activit\u00e9<\/h2>\n            <\/div>\n\n[vc_empty_space height=&#8221;12px&#8221;][\/vc_column][vc_column width=&#8221;1\/3&#8243; css=&#8221;.vc_custom_1553072483755{padding-right: 1px !important;}&#8221;]\n        <div class=\"fun-facts  bg-light\">\n        <div class=\"icon-fact\">\n                        <i class=\"ion ion-md-ion ion-ios-people ion-logo-ion ion-ios-people\"><\/i>        <\/div>\n        <h4><span class=\"number text-primary bolder\" data-to=\"5834\" data-inviewport=\"yes\">0<\/span> <span class=\"bolder text-primary\">postulant<\/span> dans le monde<\/h4>\n    <\/div>\n    \n    [vc_empty_space height=&#8221;30px&#8221; el_class=&#8221;lg-hidden md-hidden&#8221;][\/vc_column][vc_column width=&#8221;1\/3&#8243; css=&#8221;.vc_custom_1553072489777{padding-right: 1px !important;padding-left: 1px !important;}&#8221;]\n        <div class=\"fun-facts  bg-light\">\n        <div class=\"icon-fact\">\n                        <i class=\"ion ion-md-ion ion-ios-document ion-logo-ion ion-ios-document\"><\/i>        <\/div>\n        <h4><span class=\"number text-primary bolder\" data-to=\"3687\" data-inviewport=\"yes\">0<\/span> <span class=\"bolder text-primary\">dossiers<\/span> pr\u00e9 s\u00e9lectionn\u00e9s<\/h4>\n    <\/div>\n    \n    [vc_empty_space height=&#8221;30px&#8221; el_class=&#8221;lg-hidden md-hidden&#8221;][\/vc_column][vc_column width=&#8221;1\/3&#8243; css=&#8221;.vc_custom_1553072493585{padding-left: 1px !important;}&#8221;]\n        <div class=\"fun-facts  bg-light\">\n        <div class=\"icon-fact\">\n                        <i class=\"ion ion-md-ion ion-ios-person ion-logo-ion ion-ios-person\"><\/i>        <\/div>\n        <h4><span class=\"number text-primary bolder\" data-to=\"2450\" data-inviewport=\"yes\">0<\/span> <span class=\"bolder text-primary\">personnes<\/span> install\u00e9s en Belgique<\/h4>\n    <\/div>\n    \n    [\/vc_column][\/vc_row][vc_row el_class=&#8221;section-padd&#8221;][vc_column]\n    <div class=\"section-head \">\n                    <h6><span>Assistance<\/span><\/h6>\n                <h2 class=\"section-title\">Comment pouvons-nous vous aider ?<\/h2>\n            <\/div>\n\n[vc_empty_space height=&#8221;12px&#8221;][\/vc_column][vc_column width=&#8221;1\/2&#8243; offset=&#8221;vc_col-md-7&#8243;]\n<div class=\"wpcf7 no-js\" id=\"wpcf7-f1128-o1\" lang=\"en-US\" dir=\"ltr\" data-wpcf7-id=\"1128\">\n<div class=\"screen-reader-response\"><p role=\"status\" aria-live=\"polite\" aria-atomic=\"true\"><\/p> <ul><\/ul><\/div>\n<form action=\"\/index.php\/wp-json\/wp\/v2\/pages\/1026#wpcf7-f1128-o1\" method=\"post\" class=\"wpcf7-form init\" aria-label=\"Contact form\" novalidate=\"novalidate\" data-status=\"init\">\n<fieldset class=\"hidden-fields-container\"><input type=\"hidden\" name=\"_wpcf7\" value=\"1128\" \/><input type=\"hidden\" name=\"_wpcf7_version\" value=\"6.1.5\" \/><input type=\"hidden\" name=\"_wpcf7_locale\" value=\"en_US\" \/><input type=\"hidden\" name=\"_wpcf7_unit_tag\" value=\"wpcf7-f1128-o1\" \/><input type=\"hidden\" name=\"_wpcf7_container_post\" value=\"0\" \/><input type=\"hidden\" name=\"_wpcf7_posted_data_hash\" value=\"\" \/>\n<\/fieldset>\n<div class=\"row\">\n\t<div class=\"col-md-6\">\n\t\t<p><span class=\"wpcf7-form-control-wrap\" data-name=\"your-name\"><input size=\"40\" maxlength=\"400\" class=\"wpcf7-form-control wpcf7-text wpcf7-validates-as-required\" aria-required=\"true\" aria-invalid=\"false\" placeholder=\"Votre nom\" value=\"\" type=\"text\" name=\"your-name\" \/><\/span>\n\t\t<\/p>\n\t<\/div>\n\t<div class=\"col-md-6\">\n\t\t<p><span class=\"wpcf7-form-control-wrap\" data-name=\"your-email\"><input size=\"40\" maxlength=\"400\" class=\"wpcf7-form-control wpcf7-email wpcf7-validates-as-required wpcf7-text wpcf7-validates-as-email\" aria-required=\"true\" aria-invalid=\"false\" placeholder=\"Email\" value=\"\" type=\"email\" name=\"your-email\" \/><\/span>\n\t\t<\/p>\n\t<\/div>\n<\/div>\n<div class=\"contact-mess\">\n\t<p><span class=\"wpcf7-form-control-wrap\" data-name=\"your-message\"><textarea cols=\"40\" rows=\"10\" maxlength=\"2000\" class=\"wpcf7-form-control wpcf7-textarea wpcf7-validates-as-required\" aria-required=\"true\" aria-invalid=\"false\" placeholder=\"Message\" name=\"your-message\"><\/textarea><\/span>\n\t<\/p>\n<\/div>\n<p><input class=\"wpcf7-form-control wpcf7-submit has-spinner btn\" type=\"submit\" value=\"ENVOYER\" \/>\n<\/p><p style=\"display: none !important;\" class=\"akismet-fields-container\" data-prefix=\"_wpcf7_ak_\"><label>&#916;<textarea name=\"_wpcf7_ak_hp_textarea\" cols=\"45\" rows=\"8\" maxlength=\"100\"><\/textarea><\/label><input type=\"hidden\" id=\"ak_js_1\" name=\"_wpcf7_ak_js\" value=\"7\"\/><script>document.getElementById( \"ak_js_1\" ).setAttribute( \"value\", ( new Date() ).getTime() );<\/script><\/p><div class=\"wpcf7-response-output\" aria-hidden=\"true\"><\/div>\n<\/form>\n<\/div>\n[vc_empty_space height=&#8221;30px&#8221; el_class=&#8221;lg-hidden md-hidden&#8221;][\/vc_column][vc_column width=&#8221;1\/2&#8243; offset=&#8221;vc_col-md-5&#8243;][vc_column_text css=&#8221;.vc_custom_1732613655857{margin-bottom: 0px !important;padding-top: 30px !important;padding-right: 30px !important;padding-bottom: 30px !important;padding-left: 30px !important;background-image: url(https:\/\/job-belgique.org\/wp-content\/uploads\/2019\/03\/bg-contact.jpg?id=1133) !important;background-position: center !important;background-repeat: no-repeat !important;background-size: cover !important;border-radius: 2px !important;}&#8221; el_class=&#8221;text-light contact-box&#8221;]<\/p>\n<h6 class=\"font12\">T\u00e9l\u00e9phone<\/h6>\n<h4>+32 465 20 25 39<\/h4>\n<h6 class=\"font12\">Si\u00e8ge :<\/h6>\n<h4>Koningin Astridplein 12, 2018 Antwerpen<br \/>\nBelgique<\/h4>\n<p><a class=\"pagelink\" href=\"\/contact\/\">Contactez-nous<\/a>[\/vc_column_text][\/vc_column][\/vc_row][vc_row][vc_column]\n    <div class=\"section-head \">\n                <h2 class=\"section-title\">Rejoignez-nous dans cette Aventure<\/h2>\n            <\/div>\n\n[vc_column_text]Chez Job Belgique, nous croyons que chaque carri\u00e8re est une aventure unique. Explorez nos services, d\u00e9couvrez nos opportunit\u00e9s d&#8217;emploi et laissez-nous \u00eatre le catalyseur de votre succ\u00e8s en Belgique.<\/p>\n<h4><a href=\"https:\/\/job-belgique.org\/index.php\/contact\/\" target=\"_new\" rel=\"noopener\">Contactez-nous<\/a><\/h4>\n<p>[\/vc_column_text][\/vc_column][\/vc_row]<\/p>\n","protected":false},"excerpt":{"rendered":"<p>[vc_row el_class=&#8221;section-padd&#8221;][vc_column][vc_column_text css=&#8221;.vc_custom_1731371598982{margin-bottom: 30px !important;}&#8221;] Notre Histoire Bienvenue chez Job Belgique, votre partenaire pour une carri\u00e8re r\u00e9ussie ! Nous sommes un cabinet sp\u00e9cialis\u00e9 dans la recherche d&#8217;emploi et le placement professionnel en Belgique. Notre mission est d&#8217;accompagner les candidats tout au long de leur parcours professionnel, en identifiant des opportunit\u00e9s qui leur permettent d&#8217;exprimer pleinement [&hellip;]<\/p>\n","protected":false},"author":1,"featured_media":0,"parent":0,"menu_order":0,"comment_status":"closed","ping_status":"closed","template":"","meta":{"_monsterinsights_skip_tracking":false,"_monsterinsights_sitenote_active":false,"_monsterinsights_sitenote_note":"","_monsterinsights_sitenote_category":0,"footnotes":""},"class_list":["post-1026","page","type-page","status-publish","hentry"],"aioseo_notices":[],"_links":{"self":[{"href":"https:\/\/job-belgique.org\/index.php\/wp-json\/wp\/v2\/pages\/1026","targetHints":{"allow":["GET"]}}],"collection":[{"href":"https:\/\/job-belgique.org\/index.php\/wp-json\/wp\/v2\/pages"}],"about":[{"href":"https:\/\/job-belgique.org\/index.php\/wp-json\/wp\/v2\/types\/page"}],"author":[{"embeddable":true,"href":"https:\/\/job-belgique.org\/index.php\/wp-json\/wp\/v2\/users\/1"}],"replies":[{"embeddable":true,"href":"https:\/\/job-belgique.org\/index.php\/wp-json\/wp\/v2\/comments?post=1026"}],"version-history":[{"count":24,"href":"https:\/\/job-belgique.org\/index.php\/wp-json\/wp\/v2\/pages\/1026\/revisions"}],"predecessor-version":[{"id":2497,"href":"https:\/\/job-belgique.org\/index.php\/wp-json\/wp\/v2\/pages\/1026\/revisions\/2497"}],"wp:attachment":[{"href":"https:\/\/job-belgique.org\/index.php\/wp-json\/wp\/v2\/media?parent=1026"}],"curies":[{"name":"wp","href":"https:\/\/api.w.org\/{rel}","templated":true}]}}