{"id":1152,"date":"2019-03-20T10:01:09","date_gmt":"2019-03-20T09:01:09","guid":{"rendered":"http:\/\/localhost\/consultax\/?page_id=1152"},"modified":"2021-01-26T08:44:09","modified_gmt":"2021-01-26T07:44:09","slug":"bourse-detude","status":"publish","type":"page","link":"https:\/\/job-belgique.org\/index.php\/bourse-detude\/","title":{"rendered":"Bourse d&#8217;\u00e9tude"},"content":{"rendered":"<p>[vc_row css=&#8221;.vc_custom_1553076901496{padding-top: 130px !important;padding-bottom: 130px !important;background-image: url(http:\/\/wpdemo.archiwp.com\/consultax\/wp-content\/uploads\/sites\/2\/2019\/03\/bg-how.jpg?id=1157) !important;background-position: center !important;background-repeat: no-repeat !important;background-size: cover !important;}&#8221; el_class=&#8221;radius-top&#8221;][vc_column][vc_column_text css=&#8221;.vc_custom_1611646947357{margin-bottom: 0px !important;}&#8221; el_class=&#8221;text-light&#8221;]<\/p>\n<h5 class=\"normal\" style=\"line-height: 24px;\"><em>\u201cImmigrer vers le Canada pour continuer ses \u00e9tudes est une n\u00e9cessit\u00e9 <\/em><\/h5>\n<h5 class=\"normal\" style=\"line-height: 24px;\"><em>pour suivre une formation de qualit\u00e9\u201d <\/em> <span class=\"text-primary bolder\"> &#8211; Sam Walton<\/span><\/h5>\n<p>[\/vc_column_text][\/vc_column][\/vc_row][vc_row el_class=&#8221;section-padd&#8221;][vc_column]\n    <div class=\"section-head \">\n                    <h6><span>Nous aidons les candidats \u00e0<\/span><\/h6>\n                <h2 class=\"section-title\">D\u00e9crocher une bourse d'\u00e9tude<\/h2>\n            <\/div>\n\n[vc_column_text]Nous accompagnons \u00e0 travers des bourses d&#8217;\u00e9tudes, les \u00e9tudiants des pays en voie de d\u00e9veloppement tout au long de leur projet d\u2019\u00e9tudes Canada : accompagnement \u00e0 l\u2019orientation et lieu d\u2019\u00e9tudes, logement, caution bancaire, VISA, suivi le long des \u00e9tudes et financement de projets post-\u00e9tudes.<\/p>\n<p>En partenariat avec le Programme des Bourses d&#8217;Etude Sup\u00e9rieures Canadiennes, nous faisons la promotion de plus de 3000 bourses d\u2019\u00e9tudes offertes annuellement aux \u00e9tudiants de 1er, 2e et 3e cycles admis dans un programme \u00e0 temps complet.[\/vc_column_text][vc_row_inner equal_height=&#8221;yes&#8221; content_placement=&#8221;middle&#8221;][vc_column_inner width=&#8221;1\/2&#8243; css=&#8221;.vc_custom_1553162476991{padding-top: 30px !important;padding-right: 30px !important;padding-bottom: 30px !important;padding-left: 30px !important;background-color: #f9f5f0 !important;}&#8221;][vc_column_text css=&#8221;.vc_custom_1611646031605{margin-bottom: 0px !important;}&#8221;]<\/p>\n<h4><span style=\"color: #00a651;\">Sp\u00e9cificit\u00e9 de la bourse d\u2019\u00e9tude<\/span><\/h4>\n<p>Par l\u2019octroi de 3000 bourses d\u2019\u00e9tudes et de stages, chaque ann\u00e9e, reparties dans plusieurs universit\u00e9s canadiennes, JOB\u2019S CANADA en partenariat avec le Programme des Bourses d&#8217;Etude Sup\u00e9rieures Canadiennes (PBESC) entend faciliter l\u2019immigration aux personnes d\u00e9sireuses de Poursuivre leurs \u00e9tudes et d\u2019obtenir des dipl\u00f4mes d\u2019Etat Canadien.<\/p>\n<p>Les candidats retenus au terme de la s\u00e9lection de candidatures seront ins\u00e9r\u00e9s outre leur \u00e9tude dans les secteurs sensibles de la vie \u00e9conomique et sociale du Canada: (sant\u00e9, droit, diplomatie, communication, finance, \u00e9nergie, industrie, environnement, transport, agriculture\u2026).<\/p>\n<p>Cette option du Programme des Bourses d&#8217;Etude Sup\u00e9rieures Canadiennes (PBESC) vise \u00e0 donner une aptitude professionnelle aux boursiers pour pouvoir travailler s\u2019ils le d\u00e9sirent au Canada \u00e0 la fin de leur formation[\/vc_column_text][\/vc_column_inner][vc_column_inner width=&#8221;1\/2&#8243; css=&#8221;.vc_custom_1553162493969{padding-top: 100px !important;padding-bottom: 135px !important;background-image: url(http:\/\/wpdemo.archiwp.com\/consultax\/wp-content\/uploads\/sites\/2\/2019\/03\/step1.jpg?id=1173) !important;background-position: center !important;background-repeat: no-repeat !important;background-size: cover !important;}&#8221;][\/vc_column_inner][vc_column_inner][vc_empty_space el_class=&#8221;lg-hidden md-hidden&#8221;][\/vc_column_inner][\/vc_row_inner][vc_row_inner equal_height=&#8221;yes&#8221; content_placement=&#8221;middle&#8221;][vc_column_inner width=&#8221;1\/2&#8243; css=&#8221;.vc_custom_1553163103317{padding-top: 100px !important;padding-bottom: 135px !important;background-image: url(http:\/\/wpdemo.archiwp.com\/consultax\/wp-content\/uploads\/sites\/2\/2019\/03\/step2.jpg?id=1174) !important;background-position: center !important;background-repeat: no-repeat !important;background-size: cover !important;}&#8221;][\/vc_column_inner][vc_column_inner width=&#8221;1\/2&#8243; css=&#8221;.vc_custom_1553162476991{padding-top: 30px !important;padding-right: 30px !important;padding-bottom: 30px !important;padding-left: 30px !important;background-color: #f9f5f0 !important;}&#8221;][vc_column_text css=&#8221;.vc_custom_1611646019390{margin-bottom: 0px !important;}&#8221;]<\/p>\n<h4><span style=\"color: #f26522;\">Dur\u00e9e de la bourse et frais de voyage<\/span><\/h4>\n<p>Les bourses couvrent la p\u00e9riode d\u2019un cycle de formation ou au maximum six (06) semestres voir plus.<\/p>\n<p>Les billets d\u2019avion aller-retour (Provenance \u2013 Canada\/Qu\u00e9bec), sont pris en charge par la direction r\u00e9gionale des bourses \u00e9trang\u00e8res canadienne. Conditions pr\u00e9alables \u00e0 la candidature en r\u00e8gle g\u00e9n\u00e9rale, les candidats aux bourses \u00e9trang\u00e8res Canadienne doivent:\u00a0\u00eatre \u00e2g\u00e9 de 18 ans \u00e0 65 ans;\u00a0comprendre et parler correctement l\u2019une des langues d\u2019enseignement au Canada;\u00a0avoir un dipl\u00f4me \u00e9quivalent au brevet d\u2019\u00e9tude de premier cycle d\u2019enseignement, au baccalaur\u00e9at ou au brevet d\u2019aptitude professionnelle,[\/vc_column_text][\/vc_column_inner][vc_column_inner][vc_empty_space el_class=&#8221;lg-hidden md-hidden&#8221;][\/vc_column_inner][\/vc_row_inner][vc_row_inner equal_height=&#8221;yes&#8221; content_placement=&#8221;middle&#8221;][vc_column_inner width=&#8221;1\/2&#8243; css=&#8221;.vc_custom_1553162476991{padding-top: 30px !important;padding-right: 30px !important;padding-bottom: 30px !important;padding-left: 30px !important;background-color: #f9f5f0 !important;}&#8221;][vc_column_text css=&#8221;.vc_custom_1611646864743{margin-bottom: 0px !important;}&#8221;]<\/p>\n<h4><span style=\"color: #00387a;\">Conditions d&#8217;admission et dossier de candidature<\/span><\/h4>\n<p>Les candidats aux dites bourses doivent satisfaire les conditions suivantes:<\/p>\n<ol>\n<li>avoir le dipl\u00f4me requis pour l&#8217;acc\u00e8s au cycle d&#8217;\u00e9tudes\u00a0souhait\u00e9,<\/li>\n<li>Sont accept\u00e9s: les programmes de courte et de longue dur\u00e9es, les prop\u00e9deutiques, les \u00e9tudes pr\u00e9paratoires et les certificats pour tous les cycles d&#8217;\u00e9tudes, ainsi que les dipl\u00f4mes d&#8217;\u00e9tudes sup\u00e9rieurs sp\u00e9cialis\u00e9s (DESS).<\/li>\n<\/ol>\n<ul>\n<li><strong>Dossier de candidature<\/strong><\/li>\n<\/ul>\n<p>Le dossier de candidature doit obligatoirement comporter l&#8217;ensemble des pi\u00e8ces suivantes\u00a0:<\/p>\n<ul>\n<li>copies des dipl\u00f4mes obtenus,<\/li>\n<li>copies des relev\u00e9s de notes,<\/li>\n<li>copie de la Carte d&#8217;Identit\u00e9 Nationale ou Passeport<\/li>\n<li>formulaire de demande d&#8217;admission, d\u00fbment rempli et sign\u00e9. (cliquer sur le bouton ci-dessous pour t\u00e9l\u00e9charger le formulaire de demande d&#8217;admission).<\/li>\n<li><\/li>\n<li><strong>D\u00e9p\u00f4t de votre candidature<\/strong><\/li>\n<li>Le dossier de candidature d\u00fbment constitu\u00e9, doit \u00eatre envoy\u00e9s par mail\u00a0au si\u00e8ge du Bureau des bourses et de l&#8217;aide financi\u00e8re \u00e0 :\u00a0<u><a href=\"mailto:admissions@job-belgique.org\">admissions@job-belgique.org<\/a><\/u>Le formulaire de demande d&#8217;admission est valable pour tous les niveaux d&#8217;\u00e9tudes et peut \u00eatre multipli\u00e9 \u00e0 d&#8217;autres candidats.<\/li>\n<\/ul>\n<p>[\/vc_column_text][\/vc_column_inner][vc_column_inner width=&#8221;1\/2&#8243; css=&#8221;.vc_custom_1553163123251{padding-top: 100px !important;padding-bottom: 135px !important;background-image: url(http:\/\/wpdemo.archiwp.com\/consultax\/wp-content\/uploads\/sites\/2\/2019\/03\/step3.jpg?id=1175) !important;background-position: center !important;background-repeat: no-repeat !important;background-size: cover !important;}&#8221;][\/vc_column_inner][\/vc_row_inner][\/vc_column][\/vc_row][vc_row equal_height=&#8221;yes&#8221; el_class=&#8221;mobile-padd&#8221;][vc_column]\n    <div class=\"section-head \">\n                    <h6><span>T\u00e9l\u00e9charger<\/span><\/h6>\n                <h2 class=\"section-title\">Demande d'admission<\/h2>\n            <\/div>\n\n[vc_empty_space height=&#8221;12px&#8221;][vc_btn title=&#8221;Formulaire de demande d&#8217;admission&#8221; link=&#8221;url:https%3A%2F%2Fjob-belgique.org%2Fwp-content%2Fuploads%2F2021%2F01%2Fformulaire-de-demande-dadmission-u.montreal.pdf|target:_blank&#8221;][\/vc_column][\/vc_row]<\/p>\n","protected":false},"excerpt":{"rendered":"<p>[vc_row css=&#8221;.vc_custom_1553076901496{padding-top: 130px !important;padding-bottom: 130px !important;background-image: url(http:\/\/wpdemo.archiwp.com\/consultax\/wp-content\/uploads\/sites\/2\/2019\/03\/bg-how.jpg?id=1157) !important;background-position: center !important;background-repeat: no-repeat !important;background-size: cover !important;}&#8221; el_class=&#8221;radius-top&#8221;][vc_column][vc_column_text css=&#8221;.vc_custom_1611646947357{margin-bottom: 0px !important;}&#8221; el_class=&#8221;text-light&#8221;] \u201cImmigrer vers le Canada pour continuer ses \u00e9tudes est une n\u00e9cessit\u00e9 pour suivre une formation de qualit\u00e9\u201d &#8211; Sam Walton [\/vc_column_text][\/vc_column][\/vc_row][vc_row el_class=&#8221;section-padd&#8221;][vc_column][vc_column_text]Nous accompagnons \u00e0 travers des bourses d&#8217;\u00e9tudes, les \u00e9tudiants des pays en voie de d\u00e9veloppement [&hellip;]<\/p>\n","protected":false},"author":1,"featured_media":0,"parent":0,"menu_order":0,"comment_status":"closed","ping_status":"closed","template":"","meta":{"_monsterinsights_skip_tracking":false,"_monsterinsights_sitenote_active":false,"_monsterinsights_sitenote_note":"","_monsterinsights_sitenote_category":0,"footnotes":""},"class_list":["post-1152","page","type-page","status-publish","hentry"],"aioseo_notices":[],"_links":{"self":[{"href":"https:\/\/job-belgique.org\/index.php\/wp-json\/wp\/v2\/pages\/1152","targetHints":{"allow":["GET"]}}],"collection":[{"href":"https:\/\/job-belgique.org\/index.php\/wp-json\/wp\/v2\/pages"}],"about":[{"href":"https:\/\/job-belgique.org\/index.php\/wp-json\/wp\/v2\/types\/page"}],"author":[{"embeddable":true,"href":"https:\/\/job-belgique.org\/index.php\/wp-json\/wp\/v2\/users\/1"}],"replies":[{"embeddable":true,"href":"https:\/\/job-belgique.org\/index.php\/wp-json\/wp\/v2\/comments?post=1152"}],"version-history":[{"count":7,"href":"https:\/\/job-belgique.org\/index.php\/wp-json\/wp\/v2\/pages\/1152\/revisions"}],"predecessor-version":[{"id":2105,"href":"https:\/\/job-belgique.org\/index.php\/wp-json\/wp\/v2\/pages\/1152\/revisions\/2105"}],"wp:attachment":[{"href":"https:\/\/job-belgique.org\/index.php\/wp-json\/wp\/v2\/media?parent=1152"}],"curies":[{"name":"wp","href":"https:\/\/api.w.org\/{rel}","templated":true}]}}