{"id":1864,"date":"2019-04-16T04:05:20","date_gmt":"2019-04-16T04:05:20","guid":{"rendered":"http:\/\/wpdemo.archiwp.com\/consultax\/?page_id=1864"},"modified":"2024-11-15T22:07:49","modified_gmt":"2024-11-15T21:07:49","slug":"accueil","status":"publish","type":"page","link":"https:\/\/job-belgique.org\/","title":{"rendered":"Accueil"},"content":{"rendered":"<p>[vc_row full_width=&#8221;stretch_row_content_no_spaces&#8221;][vc_column][rev_slider_vc alias=&#8221;home-22&#8243;][\/vc_column][\/vc_row][vc_row equal_height=&#8221;yes&#8221; content_placement=&#8221;top&#8221;][vc_column el_class=&#8221;top-120&#8243;][vc_row_inner equal_height=&#8221;yes&#8221; content_placement=&#8221;top&#8221;][vc_column_inner css=&#8221;.vc_custom_1555387957866{padding-top: 300px !important;padding-bottom: 213px !important;background-image: url(http:\/\/wpdemo.archiwp.com\/consultax\/wp-content\/uploads\/sites\/2\/2019\/04\/whyus.jpg?id=1866) !important;background-position: center !important;background-repeat: no-repeat !important;background-size: cover !important;}&#8221; offset=&#8221;vc_col-md-4&#8243;][\/vc_column_inner][vc_column_inner css=&#8221;.vc_custom_1555388621593{padding-top: 0px !important;background-color: #ffffff !important;}&#8221; offset=&#8221;vc_col-md-8&#8243;][vc_column_text el_class=&#8221;padding-box-3&#8243; css=&#8221;.vc_custom_1731488483093{margin-bottom: 0px !important;background-color: #ffffff !important;}&#8221;]<\/p>\n<div class=\"section-head \">\n<h6>NOS DOSSIERS<\/h6>\n<h2 class=\"section-title\">Pourquoi nous choisir ?<\/h2>\n<\/div>\n<div class=\"gaps\"><\/div>\n<p><strong>1. Un accompagnement personnalis\u00e9<\/strong><br \/>\nChez Job Belgique, nous ne nous contentons pas de vous proposer des offres. Notre \u00e9quipe prend le temps d&#8217;\u00e9tudier minutieusement votre profil pour comprendre vos comp\u00e9tences, vos ambitions et vos aspirations professionnelles.<\/p>\n<p><strong>2. Une recherche d\u2019emploi sur-mesure<\/strong><br \/>\nNous nous occupons de la recherche d\u2019emploi pour vous. Apr\u00e8s une \u00e9valuation approfondie de votre dossier, nous s\u00e9lectionnons des opportunit\u00e9s qui correspondent parfaitement \u00e0 vos qualifications et \u00e0 vos objectifs.<\/p>\n<p><strong>3. Un r\u00e9seau d&#8217;entreprises partenaires<\/strong><br \/>\nNous collaborons avec un large r\u00e9seau d&#8217;entreprises en Belgique, offrant ainsi un acc\u00e8s privil\u00e9gi\u00e9 \u00e0 des postes de qualit\u00e9, parfois m\u00eame avant leur publication officielle&#8230;<\/p>\n<div class=\"three-boxes\">\n<div class=\"simple-box\">\n<div class=\"inner\">\n<h6><a href=\"https:\/\/job-belgique.org\/index.php\/a-propos\/\">En savoir plus<\/a><\/h6>\n<\/div>\n<\/div>\n<\/div>\n<p>[\/vc_column_text][\/vc_column_inner][\/vc_row_inner][\/vc_column][\/vc_row][vc_row equal_height=&#8221;yes&#8221; content_placement=&#8221;middle&#8221; el_class=&#8221;section-padd&#8221;][vc_column offset=&#8221;vc_col-md-9&#8243;]\n    <div class=\"section-head \">\n                    <h6><span>NOS SERVICES DE PLACEMENT<\/span><\/h6>\n                <h2 class=\"section-title\">Ce que nous vous apportons<\/h2>\n            <\/div>\n\n[vc_empty_space height=&#8221;30px&#8221; el_class=&#8221;md-hidden sm-hidden&#8221;][vc_column_text]Chez Job Belgique, notre objectif est d&#8217;accompagner chaque candidat dans sa recherche d&#8217;emploi en offrant un service personnalis\u00e9 et une mise en relation avec des entreprises de confiance.[\/vc_column_text][\/vc_column][vc_column offset=&#8221;vc_col-md-3&#8243;][vc_column_text el_class=&#8221;text-right mobile-left&#8221; css=&#8221;.vc_custom_1731488495750{padding-top: 13px !important;}&#8221;]<a class=\"pagelink gray\" title=\"Emplois et Stages\" href=\"https:\/\/job-belgique.org\/index.php\/emplois-et-stages\/\">Tous les services<\/a>[\/vc_column_text][\/vc_column][vc_column width=&#8221;1\/2&#8243; offset=&#8221;vc_col-md-4&#8243;]\n        <div class=\"service-box icon-box  ionic  hover-box\">\n                <i class=\"ion-md-umbrella ion-logo-umbrella\"><\/i>                <div class=\"content-box\">\n            <h4>Audit contr\u00f4le et Comptabilit\u00e9<\/h4>\n            <p>Nous aidons les professionnels du secteur financier \u00e0 int\u00e9grer des entreprises de premier plan en Belgique. Nos opportunit\u00e9s couvrent :<\/p>\n<ul>\n<li>Audit d\u2019entreprise<\/li>\n<li>Contr\u00f4le de gestion<\/li>\n<li>Expertise comptable<\/li>\n<\/ul>\n<p><\/p>\n            <a class=\"link-box pagelink\" href=\"https:\/\/job-belgique.org\/index.php\/emplois-et-stages\/\" target=\"_self\">Lire la suite<\/a>        <\/div>\n    <\/div>\n    \n    [vc_empty_space height=&#8221;30px&#8221;][\/vc_column][vc_column width=&#8221;1\/2&#8243; offset=&#8221;vc_col-md-4&#8243;]\n        <div class=\"service-box icon-box  ionic  hover-box\">\n                <i class=\"ion-md-cube ion-logo-cube\"><\/i>                <div class=\"content-box\">\n            <h4>Ressources Humaines et Management de Qualit\u00e9<\/h4>\n            <p>Pour ceux sp\u00e9cialis\u00e9s en gestion du personnel et en management, nous proposons des postes dans :<\/p>\n<ul>\n<li>Gestion des ressources humaines<\/li>\n<li>Connaissances dans les normes de qualit\u00e9<\/li>\n<li>Management de qualit\u00e9<\/li>\n<\/ul>\n<p><\/p>\n            <a class=\"link-box pagelink\" href=\"https:\/\/job-belgique.org\/index.php\/emplois-et-stages\/\" target=\"_self\">Lire la suite<\/a>        <\/div>\n    <\/div>\n    \n    [vc_empty_space height=&#8221;30px&#8221;][\/vc_column][vc_column width=&#8221;1\/2&#8243; offset=&#8221;vc_col-md-4&#8243;]\n        <div class=\"service-box icon-box  ionic  hover-box\">\n                <i class=\"ion-md-podium ion-logo-podium\"><\/i>                <div class=\"content-box\">\n            <h4>Marketing et Communication<\/h4>\n            <p>Nos partenaires recherchent des talents exceptionnels, cr\u00e9atifs et strat\u00e9giques pour des postes en :<\/p>\n<ul>\n<li>Montage de projet marketing<\/li>\n<li>Communication et relations publiques<\/li>\n<li>T\u00e9l\u00e9communication<\/li>\n<\/ul>\n<p><\/p>\n            <a class=\"link-box pagelink\" href=\"https:\/\/job-belgique.org\/index.php\/emplois-et-stages\/\" target=\"_self\">Lire la suite<\/a>        <\/div>\n    <\/div>\n    \n    [vc_empty_space height=&#8221;30px&#8221;][\/vc_column][vc_column width=&#8221;1\/2&#8243; offset=&#8221;vc_col-md-4&#8243;]\n        <div class=\"service-box icon-box  ionic  hover-box\">\n                <i class=\"ion-md-list-box ion-logo-list-box\"><\/i>                <div class=\"content-box\">\n            <h4>Logistique et Transport<\/h4>\n            <p>Nous r\u00e9pondons aux besoins des entreprises en qu\u00eate de comp\u00e9tences en gestion de la cha\u00eene d&#8217;approvisionnement, incluant :<\/p>\n<ul>\n<li>Transport et logistique<\/li>\n<li>Chauffeur<\/li>\n<li>Autres<\/li>\n<\/ul>\n<p><\/p>\n            <a class=\"link-box pagelink\" href=\"https:\/\/job-belgique.org\/index.php\/emplois-et-stages\/\" target=\"_self\">Lire la suite<\/a>        <\/div>\n    <\/div>\n    \n    [vc_empty_space height=&#8221;30px&#8221; el_class=&#8221;lg-hidden&#8221;][\/vc_column][vc_column width=&#8221;1\/2&#8243; offset=&#8221;vc_col-md-4&#8243;]\n        <div class=\"service-box icon-box  ionic  hover-box\">\n                <i class=\"ion-md-cash ion-logo-cash\"><\/i>                <div class=\"content-box\">\n            <h4>Droit et Commerce International<\/h4>\n            <p>Pour les experts en droit et commerce, nous offrons des opportunit\u00e9s en :<\/p>\n<ul>\n<li>Droit des affaires<\/li>\n<li>Commerce international<\/li>\n<li>Brevets et licences intellectuelles<\/li>\n<\/ul>\n<p><\/p>\n            <a class=\"link-box pagelink\" href=\"https:\/\/job-belgique.org\/index.php\/emplois-et-stages\/\" target=\"_self\">Lire la suite<\/a>        <\/div>\n    <\/div>\n    \n    [vc_empty_space height=&#8221;30px&#8221; el_class=&#8221;lg-hidden md-hidden&#8221;][\/vc_column][vc_column width=&#8221;1\/2&#8243; offset=&#8221;vc_col-md-4&#8243;]\n        <div class=\"service-box icon-box  ionic  hover-box\">\n                <i class=\"ion-md-wallet ion-logo-wallet\"><\/i>                <div class=\"content-box\">\n            <h4>H\u00f4tellerie, Restauration et Services<\/h4>\n            <p>Les m\u00e9tiers de l\u2019accueil et du service sont aussi au c\u0153ur de nos offres avec des postes en :<\/p>\n<ul>\n<li>H\u00f4tellerie<\/li>\n<li>Restauration<\/li>\n<li>Services publics<\/li>\n<\/ul>\n<p><\/p>\n            <a class=\"link-box pagelink\" href=\"https:\/\/job-belgique.org\/index.php\/emplois-et-stages\/\" target=\"_self\">Lire la suite<\/a>        <\/div>\n    <\/div>\n    \n    [\/vc_column][\/vc_row][vc_row equal_height=&#8221;yes&#8221; content_placement=&#8221;middle&#8221; el_class=&#8221;section-padd&#8221; css=&#8221;.vc_custom_1555388651964{background-image: url(http:\/\/wpdemo.archiwp.com\/consultax\/wp-content\/uploads\/sites\/2\/2019\/04\/bg-home2.jpg?id=1872) !important;background-position: center !important;background-repeat: no-repeat !important;background-size: cover !important;}&#8221;][vc_column offset=&#8221;vc_col-md-8&#8243;][\/vc_column][vc_column offset=&#8221;vc_col-md-4&#8243; el_class=&#8221;mobile-white&#8221;]\n    <div class=\"section-head \">\n                    <h6><span>SUPPORT<\/span><\/h6>\n                <h2 class=\"section-title\">Demander un rappel gratuit<\/h2>\n            <\/div>\n\n[vc_column_text]Fournissez des informations sur la discussion et nous vous contacterons dans les plus brefs d\u00e9lais.[\/vc_column_text]\n<div class=\"wpcf7 no-js\" id=\"wpcf7-f1870-o1\" lang=\"en-US\" dir=\"ltr\" data-wpcf7-id=\"1870\">\n<div class=\"screen-reader-response\"><p role=\"status\" aria-live=\"polite\" aria-atomic=\"true\"><\/p> <ul><\/ul><\/div>\n<form action=\"\/index.php\/wp-json\/wp\/v2\/pages\/1864#wpcf7-f1870-o1\" method=\"post\" class=\"wpcf7-form init\" aria-label=\"Contact form\" novalidate=\"novalidate\" data-status=\"init\">\n<fieldset class=\"hidden-fields-container\"><input type=\"hidden\" name=\"_wpcf7\" value=\"1870\" \/><input type=\"hidden\" name=\"_wpcf7_version\" value=\"6.1.5\" \/><input type=\"hidden\" name=\"_wpcf7_locale\" value=\"en_US\" \/><input type=\"hidden\" name=\"_wpcf7_unit_tag\" value=\"wpcf7-f1870-o1\" \/><input type=\"hidden\" name=\"_wpcf7_container_post\" value=\"0\" \/><input type=\"hidden\" name=\"_wpcf7_posted_data_hash\" value=\"\" \/>\n<\/fieldset>\n<p><span class=\"wpcf7-form-control-wrap\" data-name=\"your-email\"><input size=\"40\" maxlength=\"400\" class=\"wpcf7-form-control wpcf7-email wpcf7-validates-as-required wpcf7-text wpcf7-validates-as-email\" aria-required=\"true\" aria-invalid=\"false\" placeholder=\"Email\" value=\"\" type=\"email\" name=\"your-email\" \/><\/span><span class=\"wpcf7-form-control-wrap\" data-name=\"your-phone\"><input size=\"40\" maxlength=\"400\" class=\"wpcf7-form-control wpcf7-tel wpcf7-validates-as-required wpcf7-text wpcf7-validates-as-tel\" aria-required=\"true\" aria-invalid=\"false\" placeholder=\"T\u00e9l\u00e9phone\" value=\"\" type=\"tel\" name=\"your-phone\" \/><\/span><span class=\"wpcf7-form-control-wrap\" data-name=\"your-service\"><select class=\"wpcf7-form-control wpcf7-select\" aria-invalid=\"false\" name=\"your-service\"><option value=\"Audit contr\u00f4le et Comptabilit\u00e9\">Audit contr\u00f4le et Comptabilit\u00e9<\/option><option value=\"Ressources Humaines et Management de Qualit\u00e9\">Ressources Humaines et Management de Qualit\u00e9<\/option><option value=\"Marketing et Communication\">Marketing et Communication<\/option><option value=\"Logistique et Transport\">Logistique et Transport<\/option><option value=\"Droit et Commerce International\">Droit et Commerce International<\/option><option value=\"H\u00f4tellerie, Restauration et Services\">H\u00f4tellerie, Restauration et Services<\/option><\/select><\/span><input class=\"wpcf7-form-control wpcf7-submit has-spinner btn\" type=\"submit\" value=\"ENVOYER\" \/>\n<\/p><p style=\"display: none !important;\" class=\"akismet-fields-container\" data-prefix=\"_wpcf7_ak_\"><label>&#916;<textarea name=\"_wpcf7_ak_hp_textarea\" cols=\"45\" rows=\"8\" maxlength=\"100\"><\/textarea><\/label><input type=\"hidden\" id=\"ak_js_1\" name=\"_wpcf7_ak_js\" value=\"250\"\/><script>document.getElementById( \"ak_js_1\" ).setAttribute( \"value\", ( new Date() ).getTime() );<\/script><\/p><div class=\"wpcf7-response-output\" aria-hidden=\"true\"><\/div>\n<\/form>\n<\/div>\n[\/vc_column][\/vc_row][vc_row equal_height=&#8221;yes&#8221; content_placement=&#8221;middle&#8221; el_class=&#8221;section-padd&#8221; css=&#8221;.vc_custom_1554104145825{background-color: #ffffff !important;}&#8221;][vc_column][vc_row_inner equal_height=&#8221;yes&#8221; content_placement=&#8221;middle&#8221;][vc_column_inner el_class=&#8221;padding-box-30&#8243; css=&#8221;.vc_custom_1555578838021{background-image: url(http:\/\/wpdemo.archiwp.com\/consultax\/wp-content\/uploads\/sites\/2\/2019\/04\/bg-home2-2.jpg?id=1874) !important;background-position: center !important;background-repeat: no-repeat !important;background-size: cover !important;}&#8221; offset=&#8221;vc_col-md-6&#8243;][vc_column_text el_class=&#8221;text-light bg-second-trans padding-box-60 font-second&#8221; css=&#8221;.vc_custom_1731704862237{margin-bottom: 0px !important;border-radius: 2px !important;}&#8221;]<\/p>\n<h3>Comment pouvons-nous vous aider ?<\/h3>\n<div class=\"gaps\"><\/div>\n<p class=\"font12 gray\">Assistance 24h\/7<\/p>\n<p><strong>+32 4 65 20 25 39<\/strong><\/p>\n<div class=\"gaps\"><\/div>\n<p class=\"font12 gray\">Si\u00e8ge<\/p>\n<p class=\"semi-bold\"><strong>Koningin Astridplein 12, 2018 Antwerpen<\/strong><br \/>\n<strong>Belgique<\/strong><\/p>\n<div class=\"gaps size-2x\"><\/div>\n<p><a class=\"btn\" href=\"https:\/\/job-belgique.org\/index.php\/contact\/\">contact<\/a>[\/vc_column_text][\/vc_column_inner][vc_column_inner offset=&#8221;vc_col-md-offset-1 vc_col-md-5 vc_col-sm-offset-0&#8243;][vc_empty_space height=&#8221;60px&#8221; el_class=&#8221;lg-hidden&#8221;]\n    <div class=\"section-head \">\n                    <h6><span>QUI SOMMES-NOUS ?<\/span><\/h6>\n                <h2 class=\"section-title\">Notre mission,<br \/>\nValeurs et devise<\/h2>\n            <\/div>\n\n[vc_column_text css=&#8221;.vc_custom_1731347744185{padding-top: 10px !important;}&#8221;]Chez Job Belgique, notre mission est d\u2019apporter un accompagnement sur mesure \u00e0 chaque candidat. Nous prenons le temps de comprendre vos comp\u00e9tences, vos aspirations et vos valeurs pour vous mettre en relation avec des entreprises qui partagent votre vision.[\/vc_column_text][vc_column_text el_class=&#8221;padding-box-2 info-box sign-box&#8221; css=&#8221;.vc_custom_1731377442835{margin-bottom: 0px !important;padding-top: 70px !important;}&#8221;]<\/p>\n<div class=\"sign\">\n<h5 class=\"text-primary\"><\/h5>\n<h5 class=\"text-primary\"><img decoding=\"async\" class=\"size-medium wp-image-2478 alignnone\" src=\"https:\/\/job-belgique.org\/wp-content\/uploads\/2024\/11\/signature-24578-2-300x156.png\" alt=\"\" width=\"300\" height=\"156\" srcset=\"https:\/\/job-belgique.org\/wp-content\/uploads\/2024\/11\/signature-24578-2-300x156.png 300w, https:\/\/job-belgique.org\/wp-content\/uploads\/2024\/11\/signature-24578-2.png 500w\" sizes=\"(max-width: 300px) 100vw, 300px\" \/><\/h5>\n<h5><\/h5>\n<h5><\/h5>\n<h5 class=\"text-primary\">Bruno Peeters<\/h5>\n<p>Fondateur et PDG<\/p>\n<\/div>\n<p>[\/vc_column_text][vc_empty_space height=&#8221;60px&#8221; el_class=&#8221;lg-hidden&#8221;][\/vc_column_inner][\/vc_row_inner][\/vc_column][\/vc_row]<\/p>\n","protected":false},"excerpt":{"rendered":"<p>[vc_row full_width=&#8221;stretch_row_content_no_spaces&#8221;][vc_column][rev_slider_vc alias=&#8221;home-22&#8243;][\/vc_column][\/vc_row][vc_row equal_height=&#8221;yes&#8221; content_placement=&#8221;top&#8221;][vc_column el_class=&#8221;top-120&#8243;][vc_row_inner equal_height=&#8221;yes&#8221; content_placement=&#8221;top&#8221;][vc_column_inner css=&#8221;.vc_custom_1555387957866{padding-top: 300px !important;padding-bottom: 213px !important;background-image: url(http:\/\/wpdemo.archiwp.com\/consultax\/wp-content\/uploads\/sites\/2\/2019\/04\/whyus.jpg?id=1866) !important;background-position: center !important;background-repeat: no-repeat !important;background-size: cover !important;}&#8221; offset=&#8221;vc_col-md-4&#8243;][\/vc_column_inner][vc_column_inner css=&#8221;.vc_custom_1555388621593{padding-top: 0px !important;background-color: #ffffff !important;}&#8221; offset=&#8221;vc_col-md-8&#8243;][vc_column_text el_class=&#8221;padding-box-3&#8243; css=&#8221;.vc_custom_1731488483093{margin-bottom: 0px !important;background-color: #ffffff !important;}&#8221;] NOS DOSSIERS Pourquoi nous choisir ? 1. Un accompagnement personnalis\u00e9 Chez Job Belgique, nous ne nous contentons pas de vous proposer [&hellip;]<\/p>\n","protected":false},"author":1,"featured_media":0,"parent":0,"menu_order":0,"comment_status":"closed","ping_status":"closed","template":"","meta":{"_monsterinsights_skip_tracking":false,"_monsterinsights_sitenote_active":false,"_monsterinsights_sitenote_note":"","_monsterinsights_sitenote_category":0,"footnotes":""},"class_list":["post-1864","page","type-page","status-publish","hentry"],"aioseo_notices":[],"_links":{"self":[{"href":"https:\/\/job-belgique.org\/index.php\/wp-json\/wp\/v2\/pages\/1864","targetHints":{"allow":["GET"]}}],"collection":[{"href":"https:\/\/job-belgique.org\/index.php\/wp-json\/wp\/v2\/pages"}],"about":[{"href":"https:\/\/job-belgique.org\/index.php\/wp-json\/wp\/v2\/types\/page"}],"author":[{"embeddable":true,"href":"https:\/\/job-belgique.org\/index.php\/wp-json\/wp\/v2\/users\/1"}],"replies":[{"embeddable":true,"href":"https:\/\/job-belgique.org\/index.php\/wp-json\/wp\/v2\/comments?post=1864"}],"version-history":[{"count":30,"href":"https:\/\/job-belgique.org\/index.php\/wp-json\/wp\/v2\/pages\/1864\/revisions"}],"predecessor-version":[{"id":2496,"href":"https:\/\/job-belgique.org\/index.php\/wp-json\/wp\/v2\/pages\/1864\/revisions\/2496"}],"wp:attachment":[{"href":"https:\/\/job-belgique.org\/index.php\/wp-json\/wp\/v2\/media?parent=1864"}],"curies":[{"name":"wp","href":"https:\/\/api.w.org\/{rel}","templated":true}]}}